{"id":6002,"date":"2021-03-28T10:36:35","date_gmt":"2021-03-28T02:36:35","guid":{"rendered":"https:\/\/www.rideneuron.com\/careers\/"},"modified":"2021-04-06T12:51:53","modified_gmt":"2021-04-06T04:51:53","slug":"careers","status":"publish","type":"page","link":"https:\/\/www.rideneuron.com\/fr\/careers\/","title":{"rendered":"Careers"},"content":{"rendered":"\t\t<div data-elementor-type=\"wp-post\" data-elementor-id=\"6002\" class=\"elementor elementor-6002 elementor-4491\" data-elementor-settings=\"[]\">\n\t\t\t\t\t\t<div class=\"elementor-inner\">\n\t\t\t\t\t\t\t<div class=\"elementor-section-wrap\">\n\t\t\t\t\t\t\t<section class=\"has_eae_slider elementor-section elementor-top-section elementor-element elementor-element-72f9fff elementor-section-full_width elementor-section-height-min-height elementor-section-height-default elementor-section-items-middle exad-glass-effect-no exad-sticky-section-no\" data-id=\"72f9fff\" data-element_type=\"section\" data-settings=\"{&quot;background_background&quot;:&quot;classic&quot;}\">\n\t\t\t\t\t\t\t<div class=\"elementor-background-overlay\"><\/div>\n\t\t\t\t\t\t\t<div class=\"elementor-container elementor-column-gap-default\">\n\t\t\t\t\t\t\t<div class=\"elementor-row\">\n\t\t\t\t\t<div class=\"has_eae_slider elementor-column elementor-col-100 elementor-top-column elementor-element elementor-element-ddeee86 exad-glass-effect-no exad-sticky-section-no\" data-id=\"ddeee86\" data-element_type=\"column\">\n\t\t\t<div class=\"elementor-column-wrap elementor-element-populated\">\n\t\t\t\t\t\t\t<div class=\"elementor-widget-wrap\">\n\t\t\t\t\t\t<div class=\"elementor-element elementor-element-41ad380 exad-sticky-section-no exad-glass-effect-no elementor-widget elementor-widget-heading\" data-id=\"41ad380\" data-element_type=\"widget\" data-widget_type=\"heading.default\">\n\t\t\t\t<div class=\"elementor-widget-container\">\n\t\t\t<h1 class=\"elementor-heading-title elementor-size-default\">Careers<\/h1>\t\t<\/div>\n\t\t\t\t<\/div>\n\t\t\t\t\t\t<\/div>\n\t\t\t\t\t<\/div>\n\t\t<\/div>\n\t\t\t\t\t\t\t\t<\/div>\n\t\t\t\t\t<\/div>\n\t\t<\/section>\n\t\t\t\t<section class=\"has_eae_slider elementor-section elementor-top-section elementor-element elementor-element-6e0ee49 elementor-section-boxed elementor-section-height-default elementor-section-height-default exad-glass-effect-no exad-sticky-section-no\" data-id=\"6e0ee49\" data-element_type=\"section\">\n\t\t\t\t\t\t<div class=\"elementor-container elementor-column-gap-default\">\n\t\t\t\t\t\t\t<div class=\"elementor-row\">\n\t\t\t\t\t<div class=\"has_eae_slider elementor-column elementor-col-100 elementor-top-column elementor-element elementor-element-566d57c exad-glass-effect-no exad-sticky-section-no\" data-id=\"566d57c\" data-element_type=\"column\">\n\t\t\t<div class=\"elementor-column-wrap elementor-element-populated\">\n\t\t\t\t\t\t\t<div class=\"elementor-widget-wrap\">\n\t\t\t\t\t\t<div class=\"elementor-element elementor-element-96023e8 exad-sticky-section-no exad-glass-effect-no elementor-widget elementor-widget-heading\" data-id=\"96023e8\" data-element_type=\"widget\" data-widget_type=\"heading.default\">\n\t\t\t\t<div class=\"elementor-widget-container\">\n\t\t\t<h2 class=\"elementor-heading-title elementor-size-default\"><b>Current Job Openings<\/b>\u200b<\/h2>\t\t<\/div>\n\t\t\t\t<\/div>\n\t\t\t\t\t\t<\/div>\n\t\t\t\t\t<\/div>\n\t\t<\/div>\n\t\t\t\t\t\t\t\t<\/div>\n\t\t\t\t\t<\/div>\n\t\t<\/section>\n\t\t\t\t<section class=\"has_eae_slider elementor-section elementor-top-section elementor-element elementor-element-fccc7ac elementor-section-boxed elementor-section-height-default elementor-section-height-default exad-glass-effect-no exad-sticky-section-no\" data-id=\"fccc7ac\" data-element_type=\"section\">\n\t\t\t\t\t\t<div class=\"elementor-container elementor-column-gap-default\">\n\t\t\t\t\t\t\t<div class=\"elementor-row\">\n\t\t\t\t\t<div class=\"has_eae_slider elementor-column elementor-col-100 elementor-top-column elementor-element elementor-element-8590755 exad-glass-effect-no exad-sticky-section-no\" data-id=\"8590755\" data-element_type=\"column\">\n\t\t\t<div class=\"elementor-column-wrap elementor-element-populated\">\n\t\t\t\t\t\t\t<div class=\"elementor-widget-wrap\">\n\t\t\t\t\t\t<div class=\"elementor-element elementor-element-6e662bf exad-sticky-section-no exad-glass-effect-no elementor-widget elementor-widget-shortcode\" data-id=\"6e662bf\" data-element_type=\"widget\" data-widget_type=\"shortcode.default\">\n\t\t\t\t<div class=\"elementor-widget-container\">\n\t\t\t\t\t<div class=\"elementor-shortcode\"><\/div>\n\t\t\t\t<\/div>\n\t\t\t\t<\/div>\n\t\t\t\t\t\t<\/div>\n\t\t\t\t\t<\/div>\n\t\t<\/div>\n\t\t\t\t\t\t\t\t<\/div>\n\t\t\t\t\t<\/div>\n\t\t<\/section>\n\t\t\t\t\t\t<\/div>\n\t\t\t\t\t\t<\/div>\n\t\t\t\t\t<\/div>\n\t\t","protected":false},"excerpt":{"rendered":"<p>Careers Current Job Openings\u200b<\/p>\n","protected":false},"author":16,"featured_media":5788,"parent":0,"menu_order":0,"comment_status":"closed","ping_status":"closed","template":"","meta":{"_exactmetrics_skip_tracking":false,"_exactmetrics_sitenote_active":false,"_exactmetrics_sitenote_note":"","_exactmetrics_sitenote_category":0,"_monsterinsights_skip_tracking":false,"_monsterinsights_sitenote_active":false,"_monsterinsights_sitenote_note":"","_monsterinsights_sitenote_category":0,"ocean_post_layout":"full-screen","ocean_both_sidebars_style":"","ocean_both_sidebars_content_width":0,"ocean_both_sidebars_sidebars_width":0,"ocean_sidebar":"0","ocean_second_sidebar":"0","ocean_disable_margins":"on","ocean_add_body_class":"","ocean_shortcode_before_top_bar":"","ocean_shortcode_after_top_bar":"","ocean_shortcode_before_header":"","ocean_shortcode_after_header":"","ocean_has_shortcode":"","ocean_shortcode_after_title":"","ocean_shortcode_before_footer_widgets":"","ocean_shortcode_after_footer_widgets":"","ocean_shortcode_before_footer_bottom":"","ocean_shortcode_after_footer_bottom":"","ocean_display_top_bar":"default","ocean_display_header":"default","ocean_header_style":"","ocean_center_header_left_menu":"0","ocean_custom_header_template":"0","ocean_custom_logo":0,"ocean_custom_retina_logo":0,"ocean_custom_logo_max_width":0,"ocean_custom_logo_tablet_max_width":0,"ocean_custom_logo_mobile_max_width":0,"ocean_custom_logo_max_height":0,"ocean_custom_logo_tablet_max_height":0,"ocean_custom_logo_mobile_max_height":0,"ocean_header_custom_menu":"0","ocean_menu_typo_font_family":"0","ocean_menu_typo_font_subset":"","ocean_menu_typo_font_size":0,"ocean_menu_typo_font_size_tablet":0,"ocean_menu_typo_font_size_mobile":0,"ocean_menu_typo_font_size_unit":"px","ocean_menu_typo_font_weight":"","ocean_menu_typo_font_weight_tablet":"","ocean_menu_typo_font_weight_mobile":"","ocean_menu_typo_transform":"","ocean_menu_typo_transform_tablet":"","ocean_menu_typo_transform_mobile":"","ocean_menu_typo_line_height":0,"ocean_menu_typo_line_height_tablet":0,"ocean_menu_typo_line_height_mobile":0,"ocean_menu_typo_line_height_unit":"","ocean_menu_typo_spacing":0,"ocean_menu_typo_spacing_tablet":0,"ocean_menu_typo_spacing_mobile":0,"ocean_menu_typo_spacing_unit":"","ocean_menu_link_color":"","ocean_menu_link_color_hover":"","ocean_menu_link_color_active":"","ocean_menu_link_background":"","ocean_menu_link_hover_background":"","ocean_menu_link_active_background":"","ocean_menu_social_links_bg":"","ocean_menu_social_hover_links_bg":"","ocean_menu_social_links_color":"","ocean_menu_social_hover_links_color":"","ocean_disable_title":"on","ocean_disable_heading":"default","ocean_post_title":"","ocean_post_subheading":"","ocean_post_title_style":"","ocean_post_title_background_color":"","ocean_post_title_background":0,"ocean_post_title_bg_image_position":"","ocean_post_title_bg_image_attachment":"","ocean_post_title_bg_image_repeat":"","ocean_post_title_bg_image_size":"","ocean_post_title_height":0,"ocean_post_title_bg_overlay":0.5,"ocean_post_title_bg_overlay_color":"","ocean_disable_breadcrumbs":"default","ocean_breadcrumbs_color":"","ocean_breadcrumbs_separator_color":"","ocean_breadcrumbs_links_color":"","ocean_breadcrumbs_links_hover_color":"","ocean_display_footer_widgets":"default","ocean_display_footer_bottom":"default","ocean_custom_footer_template":"0","footnotes":""},"class_list":["post-6002","page","type-page","status-publish","has-post-thumbnail","hentry","entry","has-media"],"yoast_head":"\n<title>Careers : Neuron Mobility<\/title>\n<meta name=\"description\" content=\"Rapprochez les gens des lieux et des activit\u00e9s qu&#039;ils aiment en faisant partie de la famille Neuron. Joignez-vous \u00e0 nous d\u00e8s maintenant !\" \/>\n<meta name=\"robots\" content=\"index, follow, max-snippet:-1, max-image-preview:large, max-video-preview:-1\" \/>\n<link rel=\"canonical\" href=\"https:\/\/www.rideneuron.com\/fr\/careers\/\" \/>\n<meta property=\"og:locale\" content=\"fr_FR\" \/>\n<meta property=\"og:type\" content=\"article\" \/>\n<meta property=\"og:title\" content=\"Careers : Neuron Mobility\" \/>\n<meta property=\"og:description\" content=\"Rapprochez les gens des lieux et des activit\u00e9s qu&#039;ils aiment en faisant partie de la famille Neuron. Joignez-vous \u00e0 nous d\u00e8s maintenant !\" \/>\n<meta property=\"og:url\" content=\"https:\/\/www.rideneuron.com\/fr\/careers\/\" \/>\n<meta property=\"og:site_name\" content=\"Neuron Mobility\" \/>\n<meta property=\"article:publisher\" content=\"https:\/\/www.facebook.com\/neuron.mobility\/\" \/>\n<meta property=\"article:modified_time\" content=\"2021-04-06T04:51:53+00:00\" \/>\n<meta property=\"og:image\" content=\"https:\/\/www.rideneuron.com\/wp-content\/uploads\/2020\/06\/Neuron-page-banner-1024x576.png\" \/>\n\t<meta property=\"og:image:width\" content=\"1024\" \/>\n\t<meta property=\"og:image:height\" content=\"576\" \/>\n\t<meta property=\"og:image:type\" content=\"image\/png\" \/>\n<meta name=\"twitter:card\" content=\"summary_large_image\" \/>\n<script type=\"application\/ld+json\" class=\"yoast-schema-graph\">{\"@context\":\"https:\/\/schema.org\",\"@graph\":[{\"@type\":\"WebPage\",\"@id\":\"https:\/\/www.rideneuron.com\/fr\/careers\/\",\"url\":\"https:\/\/www.rideneuron.com\/fr\/careers\/\",\"name\":\"Careers : Neuron Mobility\",\"isPartOf\":{\"@id\":\"https:\/\/www.rideneuron.com\/fr\/#website\"},\"primaryImageOfPage\":{\"@id\":\"https:\/\/www.rideneuron.com\/fr\/careers\/#primaryimage\"},\"image\":{\"@id\":\"https:\/\/www.rideneuron.com\/fr\/careers\/#primaryimage\"},\"thumbnailUrl\":\"https:\/\/www.rideneuron.com\/wp-content\/uploads\/2020\/06\/Neuron-page-banner.png\",\"datePublished\":\"2021-03-28T02:36:35+00:00\",\"dateModified\":\"2021-04-06T04:51:53+00:00\",\"description\":\"Rapprochez les gens des lieux et des activit\u00e9s qu'ils aiment en faisant partie de la famille Neuron. Joignez-vous \u00e0 nous d\u00e8s maintenant !\",\"breadcrumb\":{\"@id\":\"https:\/\/www.rideneuron.com\/fr\/careers\/#breadcrumb\"},\"inLanguage\":\"fr-FR\",\"potentialAction\":[{\"@type\":\"ReadAction\",\"target\":[\"https:\/\/www.rideneuron.com\/fr\/careers\/\"]}]},{\"@type\":\"ImageObject\",\"inLanguage\":\"fr-FR\",\"@id\":\"https:\/\/www.rideneuron.com\/fr\/careers\/#primaryimage\",\"url\":\"https:\/\/www.rideneuron.com\/wp-content\/uploads\/2020\/06\/Neuron-page-banner.png\",\"contentUrl\":\"https:\/\/www.rideneuron.com\/wp-content\/uploads\/2020\/06\/Neuron-page-banner.png\",\"width\":1920,\"height\":1080},{\"@type\":\"BreadcrumbList\",\"@id\":\"https:\/\/www.rideneuron.com\/fr\/careers\/#breadcrumb\",\"itemListElement\":[{\"@type\":\"ListItem\",\"position\":1,\"name\":\"Home\",\"item\":\"https:\/\/www.rideneuron.com\/fr\/\"},{\"@type\":\"ListItem\",\"position\":2,\"name\":\"Careers\"}]},{\"@type\":\"WebSite\",\"@id\":\"https:\/\/www.rideneuron.com\/fr\/#website\",\"url\":\"https:\/\/www.rideneuron.com\/fr\/\",\"name\":\"Neuron Mobility\",\"description\":\"Safety-leading e-scooter and e-bike operator\",\"publisher\":{\"@id\":\"https:\/\/www.rideneuron.com\/fr\/#organization\"},\"potentialAction\":[{\"@type\":\"SearchAction\",\"target\":{\"@type\":\"EntryPoint\",\"urlTemplate\":\"https:\/\/www.rideneuron.com\/fr\/?s={search_term_string}\"},\"query-input\":\"required name=search_term_string\"}],\"inLanguage\":\"fr-FR\"},{\"@type\":\"Organization\",\"@id\":\"https:\/\/www.rideneuron.com\/fr\/#organization\",\"name\":\"Neuron Mobility\",\"url\":\"https:\/\/www.rideneuron.com\/fr\/\",\"logo\":{\"@type\":\"ImageObject\",\"inLanguage\":\"fr-FR\",\"@id\":\"https:\/\/www.rideneuron.com\/fr\/#\/schema\/logo\/image\/\",\"url\":\"https:\/\/www.rideneuron.com\/wp-content\/uploads\/2019\/05\/Neuron-Logo.png\",\"contentUrl\":\"https:\/\/www.rideneuron.com\/wp-content\/uploads\/2019\/05\/Neuron-Logo.png\",\"width\":3411,\"height\":1117,\"caption\":\"Neuron Mobility\"},\"image\":{\"@id\":\"https:\/\/www.rideneuron.com\/fr\/#\/schema\/logo\/image\/\"},\"sameAs\":[\"https:\/\/www.facebook.com\/neuron.mobility\/\",\"https:\/\/www.instagram.com\/neuron_mobility\/\",\"https:\/\/www.linkedin.com\/company\/14418273\/\"]}]}<\/script>\n","yoast_head_json":{"title":"Careers : Neuron Mobility","description":"Rapprochez les gens des lieux et des activit\u00e9s qu'ils aiment en faisant partie de la famille Neuron. Joignez-vous \u00e0 nous d\u00e8s maintenant !","robots":{"index":"index","follow":"follow","max-snippet":"max-snippet:-1","max-image-preview":"max-image-preview:large","max-video-preview":"max-video-preview:-1"},"canonical":"https:\/\/www.rideneuron.com\/fr\/careers\/","og_locale":"fr_FR","og_type":"article","og_title":"Careers : Neuron Mobility","og_description":"Rapprochez les gens des lieux et des activit\u00e9s qu'ils aiment en faisant partie de la famille Neuron. Joignez-vous \u00e0 nous d\u00e8s maintenant !","og_url":"https:\/\/www.rideneuron.com\/fr\/careers\/","og_site_name":"Neuron Mobility","article_publisher":"https:\/\/www.facebook.com\/neuron.mobility\/","article_modified_time":"2021-04-06T04:51:53+00:00","og_image":[{"width":1024,"height":576,"url":"https:\/\/www.rideneuron.com\/wp-content\/uploads\/2020\/06\/Neuron-page-banner-1024x576.png","type":"image\/png"}],"twitter_card":"summary_large_image","schema":{"@context":"https:\/\/schema.org","@graph":[{"@type":"WebPage","@id":"https:\/\/www.rideneuron.com\/fr\/careers\/","url":"https:\/\/www.rideneuron.com\/fr\/careers\/","name":"Careers : Neuron Mobility","isPartOf":{"@id":"https:\/\/www.rideneuron.com\/fr\/#website"},"primaryImageOfPage":{"@id":"https:\/\/www.rideneuron.com\/fr\/careers\/#primaryimage"},"image":{"@id":"https:\/\/www.rideneuron.com\/fr\/careers\/#primaryimage"},"thumbnailUrl":"https:\/\/www.rideneuron.com\/wp-content\/uploads\/2020\/06\/Neuron-page-banner.png","datePublished":"2021-03-28T02:36:35+00:00","dateModified":"2021-04-06T04:51:53+00:00","description":"Rapprochez les gens des lieux et des activit\u00e9s qu'ils aiment en faisant partie de la famille Neuron. Joignez-vous \u00e0 nous d\u00e8s maintenant !","breadcrumb":{"@id":"https:\/\/www.rideneuron.com\/fr\/careers\/#breadcrumb"},"inLanguage":"fr-FR","potentialAction":[{"@type":"ReadAction","target":["https:\/\/www.rideneuron.com\/fr\/careers\/"]}]},{"@type":"ImageObject","inLanguage":"fr-FR","@id":"https:\/\/www.rideneuron.com\/fr\/careers\/#primaryimage","url":"https:\/\/www.rideneuron.com\/wp-content\/uploads\/2020\/06\/Neuron-page-banner.png","contentUrl":"https:\/\/www.rideneuron.com\/wp-content\/uploads\/2020\/06\/Neuron-page-banner.png","width":1920,"height":1080},{"@type":"BreadcrumbList","@id":"https:\/\/www.rideneuron.com\/fr\/careers\/#breadcrumb","itemListElement":[{"@type":"ListItem","position":1,"name":"Home","item":"https:\/\/www.rideneuron.com\/fr\/"},{"@type":"ListItem","position":2,"name":"Careers"}]},{"@type":"WebSite","@id":"https:\/\/www.rideneuron.com\/fr\/#website","url":"https:\/\/www.rideneuron.com\/fr\/","name":"Neuron Mobility","description":"Safety-leading e-scooter and e-bike operator","publisher":{"@id":"https:\/\/www.rideneuron.com\/fr\/#organization"},"potentialAction":[{"@type":"SearchAction","target":{"@type":"EntryPoint","urlTemplate":"https:\/\/www.rideneuron.com\/fr\/?s={search_term_string}"},"query-input":"required name=search_term_string"}],"inLanguage":"fr-FR"},{"@type":"Organization","@id":"https:\/\/www.rideneuron.com\/fr\/#organization","name":"Neuron Mobility","url":"https:\/\/www.rideneuron.com\/fr\/","logo":{"@type":"ImageObject","inLanguage":"fr-FR","@id":"https:\/\/www.rideneuron.com\/fr\/#\/schema\/logo\/image\/","url":"https:\/\/www.rideneuron.com\/wp-content\/uploads\/2019\/05\/Neuron-Logo.png","contentUrl":"https:\/\/www.rideneuron.com\/wp-content\/uploads\/2019\/05\/Neuron-Logo.png","width":3411,"height":1117,"caption":"Neuron Mobility"},"image":{"@id":"https:\/\/www.rideneuron.com\/fr\/#\/schema\/logo\/image\/"},"sameAs":["https:\/\/www.facebook.com\/neuron.mobility\/","https:\/\/www.instagram.com\/neuron_mobility\/","https:\/\/www.linkedin.com\/company\/14418273\/"]}]}},"rttpg_featured_image_url":{"full":["https:\/\/www.rideneuron.com\/wp-content\/uploads\/2020\/06\/Neuron-page-banner.png",1920,1080,false],"landscape":["https:\/\/www.rideneuron.com\/wp-content\/uploads\/2020\/06\/Neuron-page-banner.png",1920,1080,false],"portraits":["https:\/\/www.rideneuron.com\/wp-content\/uploads\/2020\/06\/Neuron-page-banner.png",1920,1080,false],"thumbnail":["https:\/\/www.rideneuron.com\/wp-content\/uploads\/2020\/06\/Neuron-page-banner-150x150.png",150,150,true],"medium":["https:\/\/www.rideneuron.com\/wp-content\/uploads\/2020\/06\/Neuron-page-banner-300x169.png",300,169,true],"large":["https:\/\/www.rideneuron.com\/wp-content\/uploads\/2020\/06\/Neuron-page-banner-1024x576.png",1024,576,true],"1536x1536":["https:\/\/www.rideneuron.com\/wp-content\/uploads\/2020\/06\/Neuron-page-banner-1536x864.png",1536,864,true],"2048x2048":["https:\/\/www.rideneuron.com\/wp-content\/uploads\/2020\/06\/Neuron-page-banner.png",1920,1080,false]},"rttpg_author":{"display_name":"Team Neuron","author_link":"https:\/\/www.rideneuron.com\/fr\/author\/team-neuron\/"},"rttpg_comment":0,"rttpg_category":" <a href=\"https:\/\/www.rideneuron.com\/fr\/?taxonomy=translation_priority&#038;term=facultatif\" rel=\"tag\">Facultatif<\/a>","rttpg_excerpt":"Careers Current Job Openings\u200b","_links":{"self":[{"href":"https:\/\/www.rideneuron.com\/fr\/wp-json\/wp\/v2\/pages\/6002","targetHints":{"allow":["GET"]}}],"collection":[{"href":"https:\/\/www.rideneuron.com\/fr\/wp-json\/wp\/v2\/pages"}],"about":[{"href":"https:\/\/www.rideneuron.com\/fr\/wp-json\/wp\/v2\/types\/page"}],"author":[{"embeddable":true,"href":"https:\/\/www.rideneuron.com\/fr\/wp-json\/wp\/v2\/users\/16"}],"replies":[{"embeddable":true,"href":"https:\/\/www.rideneuron.com\/fr\/wp-json\/wp\/v2\/comments?post=6002"}],"version-history":[{"count":4,"href":"https:\/\/www.rideneuron.com\/fr\/wp-json\/wp\/v2\/pages\/6002\/revisions"}],"predecessor-version":[{"id":6163,"href":"https:\/\/www.rideneuron.com\/fr\/wp-json\/wp\/v2\/pages\/6002\/revisions\/6163"}],"wp:featuredmedia":[{"embeddable":true,"href":"https:\/\/www.rideneuron.com\/fr\/wp-json\/wp\/v2\/media\/5788"}],"wp:attachment":[{"href":"https:\/\/www.rideneuron.com\/fr\/wp-json\/wp\/v2\/media?parent=6002"}],"curies":[{"name":"wp","href":"https:\/\/api.w.org\/{rel}","templated":true}]}}